{"id":1245,"date":"2023-03-08T00:20:42","date_gmt":"2023-03-08T05:20:42","guid":{"rendered":"https:\/\/www.cetacmtl.ca\/?page_id=1245"},"modified":"2023-03-09T00:00:45","modified_gmt":"2023-03-09T05:00:45","slug":"dr-marc-rodger","status":"publish","type":"page","link":"https:\/\/www.cetacmtl.ca\/fr\/dr-marc-rodger\/","title":{"rendered":"Dr. Marc Rodger"},"content":{"rendered":"\n\n\t\t\t\t<img loading=\"lazy\" decoding=\"async\" src=\"https:\/\/www.cetacmtl.ca\/wp-content\/uploads\/2022\/12\/marcrodger.png\" alt=\"Marc Rodger\" itemprop=\"image\" height=\"200\" width=\"200\" title=\"Marc Rodger\" onerror=\"this.style.display='none'\"  \/>\n<h1>\n\t\tMarc Rodger MD FRCPC MSc (\u00e9pid\u00e9miologie)\n\t<\/h1>\n\t<p><strong>Directeur, D\u00e9partement de m\u00e9decine, Facult\u00e9 de m\u00e9decine et des sciences de la sant\u00e9, Universit\u00e9 McGill<\/strong><\/p>\n<p><strong>M\u00e9decin-chef, Centre universitaire de sant\u00e9 McGill<\/strong><\/p>\n<p><strong>Professeur de m\u00e9decine Harry Webster Thorp<\/strong><\/p>\n\t<p>Le Dr Marc Rodger est directeur du D\u00e9partement de m\u00e9decine de l&rsquo;Universit\u00e9 McGill, m\u00e9decin en chef du Centre universitaire de sant\u00e9 McGill et titulaire de la chaire de m\u00e9decine Harry Webster Thorp. L&rsquo;enseignement, les soins cliniques et la recherche du Dr Rodger portent sur la thrombose veineuse. Le Dr Rodger a cofond\u00e9 le r\u00e9seau CanVECTOR (R\u00e9seau canadien de recherche clinique sur la thromboembolie veineuse) financ\u00e9 par les IRSC (<a href=\"https:\/\/www.canvector.ca\/\" target=\"_blank\" rel=\"noopener\">www.CanVECTOR.ca<\/a>). Le Dr Rodger a \u00e9galement fond\u00e9 le r\u00e9seau INVENT (R\u00e9seau international des r\u00e9seaux de recherche clinique sur la thrombose veineuse) dont il est l&rsquo;ancien pr\u00e9sident, et actuellement le directeur ex\u00e9cutif b\u00e9n\u00e9vole (<a href=\"https:\/\/www.invent-vte.com\/\" target=\"_blank\" rel=\"noopener\">www.INVENT-VTE.com<\/a>). INVENT comprend 10 r\u00e9seaux de recherche nationaux avec plus de 450 chercheurs dans plus de 150 sites de recherche \u00e0 travers le monde.<\/p>\n\n","protected":false},"excerpt":{"rendered":"<p>Marc Rodger MD FRCPC MSc (\u00e9pid\u00e9miologie) Directeur, D\u00e9partement de m\u00e9decine, Facult\u00e9 de m\u00e9decine et des sciences de la sant\u00e9, Universit\u00e9 McGill M\u00e9decin-chef, Centre universitaire de sant\u00e9 McGill Professeur de m\u00e9decine Harry Webster Thorp Le Dr Marc Rodger est directeur du D\u00e9partement de m\u00e9decine de l&rsquo;Universit\u00e9 McGill, m\u00e9decin en chef du Centre universitaire de sant\u00e9 McGill et titulaire de la chaire de m\u00e9decine Harry Webster Thorp. L&rsquo;enseignement, les soins cliniques et&#8230; <a href=\"https:\/\/www.cetacmtl.ca\/fr\/dr-marc-rodger\/\" class=\"more-link\" >Lire la suite &raquo;<\/a><\/p>\n","protected":false},"author":6,"featured_media":0,"parent":0,"menu_order":0,"comment_status":"closed","ping_status":"closed","template":"about.php","meta":{"_acf_changed":false,"footnotes":""},"acf":[],"_links":{"self":[{"href":"https:\/\/www.cetacmtl.ca\/fr\/wp-json\/wp\/v2\/pages\/1245"}],"collection":[{"href":"https:\/\/www.cetacmtl.ca\/fr\/wp-json\/wp\/v2\/pages"}],"about":[{"href":"https:\/\/www.cetacmtl.ca\/fr\/wp-json\/wp\/v2\/types\/page"}],"author":[{"embeddable":true,"href":"https:\/\/www.cetacmtl.ca\/fr\/wp-json\/wp\/v2\/users\/6"}],"replies":[{"embeddable":true,"href":"https:\/\/www.cetacmtl.ca\/fr\/wp-json\/wp\/v2\/comments?post=1245"}],"version-history":[{"count":3,"href":"https:\/\/www.cetacmtl.ca\/fr\/wp-json\/wp\/v2\/pages\/1245\/revisions"}],"predecessor-version":[{"id":1254,"href":"https:\/\/www.cetacmtl.ca\/fr\/wp-json\/wp\/v2\/pages\/1245\/revisions\/1254"}],"wp:attachment":[{"href":"https:\/\/www.cetacmtl.ca\/fr\/wp-json\/wp\/v2\/media?parent=1245"}],"curies":[{"name":"wp","href":"https:\/\/api.w.org\/{rel}","templated":true}]}}