{"id":175,"date":"2018-05-11T14:47:23","date_gmt":"2018-05-11T14:47:23","guid":{"rendered":"https:\/\/www.cetacmtl.ca\/research\/"},"modified":"2020-07-01T15:22:00","modified_gmt":"2020-07-01T19:22:00","slug":"research","status":"publish","type":"page","link":"https:\/\/www.cetacmtl.ca\/fr\/research\/","title":{"rendered":"Recherche"},"content":{"rendered":"\r\n<p><b>Pourquoi participer \u00e0 la recherche<\/b><\/p>\r\n<p>&nbsp;<\/p>\r\n<p>La recherche occupe une part importante dans ce que nous faisons chez CETAC afin d\u2019assurer le progr\u00e8s des traitements pour les patients comme vous. De nombreuses raisons positives devraient motiver la participation \u00e0 la recherche, mais il n\u2019y a AUCUNE OBLIGATION \u00e0 le faire.<\/p>\r\n<p>&nbsp;<\/p>\r\n<p>Quand vous participez \u00e0 une \u00e9tude, vous \u00eates pris en charge par une \u00e9quipe d\u2019experts bien au courant des tout derniers traitements \u00e0 la fine pointe. De nombreux participants \u00e0 la recherche nous ont rapport\u00e9 qu\u2019ils \u00e9prouvaient de la satisfaction \u00e0 savoir qu\u2019ils aidaient \u00e0 faire progresser les soins m\u00e9dicaux en contribuant \u00e0 l\u2019avancement des connaissances. Plusieurs disent en apprendre davantage sur leur propre \u00e9tat de sant\u00e9 tout en b\u00e9n\u00e9ficiant de traitement pas encore disponible \u00e0 d\u2019autres patients. Dans cette section, nous pr\u00e9sentons quelques-uns de nos projets de recherche. N\u2019h\u00e9sitez pas \u00e0 parler \u00e0 votre m\u00e9decin du CETAC ou au coordonnateur de recherche au sujet de ces \u00e9tudes.<\/p>\r\n<p>&nbsp;<\/p>\r\n\n\t<div class=\"clearfix\">\n\t<div class=\"new-page\">\n\t\t\t\t\t\t\t\t\t<div class=\"col-xs-12 col-sm-12 col-md-4 col-lg-4 Block\">\n\t\t\t\t\t<a href=\"https:\/\/www.cetacmtl.ca\/fr\/research\/etude-pilote-tile\/\"><img loading=\"lazy\" decoding=\"async\" width=\"1240\" height=\"827\" src=\"https:\/\/www.cetacmtl.ca\/wp-content\/uploads\/2023\/03\/tilestudy.jpg\" class=\"attachment-post-thumbnail size-post-thumbnail wp-post-image\" alt=\"\" srcset=\"https:\/\/www.cetacmtl.ca\/wp-content\/uploads\/2023\/03\/tilestudy.jpg 1240w, https:\/\/www.cetacmtl.ca\/wp-content\/uploads\/2023\/03\/tilestudy-300x200.jpg 300w, https:\/\/www.cetacmtl.ca\/wp-content\/uploads\/2023\/03\/tilestudy-1024x683.jpg 1024w, https:\/\/www.cetacmtl.ca\/wp-content\/uploads\/2023\/03\/tilestudy-768x512.jpg 768w\" sizes=\"(max-width: 1240px) 100vw, 1240px\" \/><\/a>\n\t\t\t\t\t<div class=\"post-status\">\n\t\t\t\t\t\t<br><br>\t\t\t\t\t<\/div>\n\t\t\t\t\t<h3>\u00c9TUDE PILOTE TILE<\/h3>\n\t\t\t\t\t<p>Injections de TINZAPARINE s\/c versus AOD: influence sur le syndrome post-thrombotique (SPT) apr\u00e8s une premi\u00e8re TVP f\u00e9morale commune ou iliaque<\/p>\n\t\n\t\t\t\t\t<a class=\"r-more\" href=\"https:\/\/www.cetacmtl.ca\/fr\/research\/etude-pilote-tile\/\">Lire la suite<\/a>\n\t\t\t\t<\/div>\n\t\t\t\t\t\t<div class=\"col-xs-12 col-sm-12 col-md-4 col-lg-4 Block\">\n\t\t\t\t\t<a href=\"https:\/\/www.cetacmtl.ca\/fr\/research\/etude-some2\/\"><img loading=\"lazy\" decoding=\"async\" width=\"1240\" height=\"826\" src=\"https:\/\/www.cetacmtl.ca\/wp-content\/uploads\/2023\/03\/some2study.jpg\" class=\"attachment-post-thumbnail size-post-thumbnail wp-post-image\" alt=\"\" srcset=\"https:\/\/www.cetacmtl.ca\/wp-content\/uploads\/2023\/03\/some2study.jpg 1240w, https:\/\/www.cetacmtl.ca\/wp-content\/uploads\/2023\/03\/some2study-300x200.jpg 300w, https:\/\/www.cetacmtl.ca\/wp-content\/uploads\/2023\/03\/some2study-1024x682.jpg 1024w, https:\/\/www.cetacmtl.ca\/wp-content\/uploads\/2023\/03\/some2study-768x512.jpg 768w\" sizes=\"(max-width: 1240px) 100vw, 1240px\" \/><\/a>\n\t\t\t\t\t<div class=\"post-status\">\n\t\t\t\t\t\t<br><br>\t\t\t\t\t<\/div>\n\t\t\t\t\t<h3>\u00c9TUDE SOME2<\/h3>\n\t\t\t\t\t<p>D\u00e9pistage du cancer gr\u00e2ce au scanner TEP-18F dans la TEV non provoqu\u00e9e.<\/p>\n\t\n\t\t\t\t\t<a class=\"r-more\" href=\"https:\/\/www.cetacmtl.ca\/fr\/research\/etude-some2\/\">Lire la suite<\/a>\n\t\t\t\t<\/div>\n\t\t\t\t\t\t<div class=\"col-xs-12 col-sm-12 col-md-4 col-lg-4 Block\">\n\t\t\t\t\t<a href=\"https:\/\/www.cetacmtl.ca\/fr\/research\/etude-muffin\/\"><img loading=\"lazy\" decoding=\"async\" width=\"1430\" height=\"953\" src=\"https:\/\/www.cetacmtl.ca\/wp-content\/uploads\/2023\/03\/muffinstudy.jpg\" class=\"attachment-post-thumbnail size-post-thumbnail wp-post-image\" alt=\"\" srcset=\"https:\/\/www.cetacmtl.ca\/wp-content\/uploads\/2023\/03\/muffinstudy.jpg 1430w, https:\/\/www.cetacmtl.ca\/wp-content\/uploads\/2023\/03\/muffinstudy-300x200.jpg 300w, https:\/\/www.cetacmtl.ca\/wp-content\/uploads\/2023\/03\/muffinstudy-1024x682.jpg 1024w, https:\/\/www.cetacmtl.ca\/wp-content\/uploads\/2023\/03\/muffinstudy-768x512.jpg 768w\" sizes=\"(max-width: 1430px) 100vw, 1430px\" \/><\/a>\n\t\t\t\t\t<div class=\"post-status\">\n\t\t\t\t\t\t<br><br>\t\t\t\t\t<\/div>\n\t\t\t\t\t<h3>\u00c9TUDE MUFFIN<\/h3>\n\t\t\t\t\t<p>Les patients avec un diagnostic cliniquement confirm\u00e9 de syndrome post-thrombotique de la jambe (score de Villalta \u2265 5) seront randomis\u00e9s pour un traitement d&rsquo;une dur\u00e9e de 6 mois avec soit une fraction flavono\u00efde purifi\u00e9e micronis\u00e9e (Venixxa) soit un placebo.<\/p>\n\t\n\t\t\t\t\t<a class=\"r-more\" href=\"https:\/\/www.cetacmtl.ca\/fr\/research\/etude-muffin\/\">Lire la suite<\/a>\n\t\t\t\t<\/div>\n\t\t\t\t\t\t<div class=\"col-xs-12 col-sm-12 col-md-4 col-lg-4 Block\">\n\t\t\t\t\t<a href=\"https:\/\/www.cetacmtl.ca\/fr\/research\/etude-cobrra\/\"><img loading=\"lazy\" decoding=\"async\" width=\"1240\" height=\"827\" src=\"https:\/\/www.cetacmtl.ca\/wp-content\/uploads\/2023\/03\/cobrrastudy.jpg\" class=\"attachment-post-thumbnail size-post-thumbnail wp-post-image\" alt=\"\" srcset=\"https:\/\/www.cetacmtl.ca\/wp-content\/uploads\/2023\/03\/cobrrastudy.jpg 1240w, https:\/\/www.cetacmtl.ca\/wp-content\/uploads\/2023\/03\/cobrrastudy-300x200.jpg 300w, https:\/\/www.cetacmtl.ca\/wp-content\/uploads\/2023\/03\/cobrrastudy-1024x683.jpg 1024w, https:\/\/www.cetacmtl.ca\/wp-content\/uploads\/2023\/03\/cobrrastudy-768x512.jpg 768w\" sizes=\"(max-width: 1240px) 100vw, 1240px\" \/><\/a>\n\t\t\t\t\t<div class=\"post-status\">\n\t\t\t\t\t\t<br><br>\t\t\t\t\t<\/div>\n\t\t\t\t\t<h3>\u00c9TUDE COBRRA<\/h3>\n\t\t\t\t\t<p>Comparaison du risque de saignement entre le rivaroxaban et l\u2019apixaban<\/p>\n\t\n\t\t\t\t\t<a class=\"r-more\" href=\"https:\/\/www.cetacmtl.ca\/fr\/research\/etude-cobrra\/\">Lire la suite<\/a>\n\t\t\t\t<\/div>\n\t\t\t\t\t\t<div class=\"col-xs-12 col-sm-12 col-md-4 col-lg-4 Block\">\n\t\t\t\t\t<a href=\"https:\/\/www.cetacmtl.ca\/fr\/research\/etude-pilote-saver\/\"><img loading=\"lazy\" decoding=\"async\" width=\"1240\" height=\"822\" src=\"https:\/\/www.cetacmtl.ca\/wp-content\/uploads\/2023\/03\/saverstudy.jpg\" class=\"attachment-post-thumbnail size-post-thumbnail wp-post-image\" alt=\"\" srcset=\"https:\/\/www.cetacmtl.ca\/wp-content\/uploads\/2023\/03\/saverstudy.jpg 1240w, https:\/\/www.cetacmtl.ca\/wp-content\/uploads\/2023\/03\/saverstudy-300x199.jpg 300w, https:\/\/www.cetacmtl.ca\/wp-content\/uploads\/2023\/03\/saverstudy-1024x679.jpg 1024w, https:\/\/www.cetacmtl.ca\/wp-content\/uploads\/2023\/03\/saverstudy-768x509.jpg 768w\" sizes=\"(max-width: 1240px) 100vw, 1240px\" \/><\/a>\n\t\t\t\t\t<div class=\"post-status\">\n\t\t\t\t\t\t<br><br>\t\t\t\t\t<\/div>\n\t\t\t\t\t<h3>\u00c9TUDE SAVER<\/h3>\n\t\t\t\t\t<p>Statines pour la r\u00e9duction des \u00e9v\u00e9nements veineux aupr\u00e8s de patients atteints d\u2019une thromboembolie veineuse<\/p>\n\t\n\t\t\t\t\t<a class=\"r-more\" href=\"https:\/\/www.cetacmtl.ca\/fr\/research\/etude-pilote-saver\/\">Lire la suite<\/a>\n\t\t\t\t<\/div>\n\t\t\t\t\t\t<div class=\"col-xs-12 col-sm-12 col-md-4 col-lg-4 Block\">\n\t\t\t\t\t<a href=\"https:\/\/www.cetacmtl.ca\/fr\/research\/etude-de-gestion-de-la-cohorte-step-cat\/\"><img loading=\"lazy\" decoding=\"async\" width=\"454\" height=\"382\" src=\"https:\/\/www.cetacmtl.ca\/wp-content\/uploads\/2018\/05\/Image.jpeg\" class=\"attachment-post-thumbnail size-post-thumbnail wp-post-image\" alt=\"\" srcset=\"https:\/\/www.cetacmtl.ca\/wp-content\/uploads\/2018\/05\/Image.jpeg 454w, https:\/\/www.cetacmtl.ca\/wp-content\/uploads\/2018\/05\/Image-300x252.jpeg 300w\" sizes=\"(max-width: 454px) 100vw, 454px\" \/><\/a>\n\t\t\t\t\t<div class=\"post-status\">\n\t\t\t\t\t\t<br><br>\t\t\t\t\t<\/div>\n\t\t\t\t\t<h3>\u00c9tude de gestion de la cohorte STEP-CAT<\/h3>\n\t\t\t\t\t<p>Diminuerla dose prophylactique (pr\u00e9ventive) d\u2019\u00e9noxaparine, un fluidifiant sanguin utilis\u00e9 actuellement et approuv\u00e9 par Sant\u00e9 Canada, apr\u00e8s trois \u00e0 six mois d\u2019anticoagulation pour le traitement de thrombose associ\u00e9e au cancer <\/p>\n\t\n\t\t\t\t\t<a class=\"r-more\" href=\"https:\/\/www.cetacmtl.ca\/fr\/research\/etude-de-gestion-de-la-cohorte-step-cat\/\">Lire la suite<\/a>\n\t\t\t\t<\/div>\n\t\t\t<\/div>\n<\/div>\n\n  \t\r\n","protected":false},"excerpt":{"rendered":"<p>Pourquoi participer \u00e0 la recherche &nbsp; La recherche occupe une part importante dans ce que nous faisons chez CETAC afin d\u2019assurer le progr\u00e8s des traitements pour les patients comme vous. De nombreuses raisons positives devraient motiver la participation \u00e0 la recherche, mais il n\u2019y a AUCUNE OBLIGATION \u00e0 le faire. &nbsp; Quand vous participez \u00e0 une \u00e9tude, vous \u00eates pris en charge par une \u00e9quipe d\u2019experts bien au courant des&#8230; <a href=\"https:\/\/www.cetacmtl.ca\/fr\/research\/etude-de-gestion-de-la-cohorte-step-cat\/\" class=\"more-link\" >Lire la suite &raquo;<\/a><\/p>\n","protected":false},"author":2,"featured_media":0,"parent":0,"menu_order":0,"comment_status":"closed","ping_status":"closed","template":"research.php","meta":{"_acf_changed":false,"footnotes":""},"acf":[],"_links":{"self":[{"href":"https:\/\/www.cetacmtl.ca\/fr\/wp-json\/wp\/v2\/pages\/175"}],"collection":[{"href":"https:\/\/www.cetacmtl.ca\/fr\/wp-json\/wp\/v2\/pages"}],"about":[{"href":"https:\/\/www.cetacmtl.ca\/fr\/wp-json\/wp\/v2\/types\/page"}],"author":[{"embeddable":true,"href":"https:\/\/www.cetacmtl.ca\/fr\/wp-json\/wp\/v2\/users\/2"}],"replies":[{"embeddable":true,"href":"https:\/\/www.cetacmtl.ca\/fr\/wp-json\/wp\/v2\/comments?post=175"}],"version-history":[{"count":7,"href":"https:\/\/www.cetacmtl.ca\/fr\/wp-json\/wp\/v2\/pages\/175\/revisions"}],"predecessor-version":[{"id":976,"href":"https:\/\/www.cetacmtl.ca\/fr\/wp-json\/wp\/v2\/pages\/175\/revisions\/976"}],"wp:attachment":[{"href":"https:\/\/www.cetacmtl.ca\/fr\/wp-json\/wp\/v2\/media?parent=175"}],"curies":[{"name":"wp","href":"https:\/\/api.w.org\/{rel}","templated":true}]}}