{"id":274,"date":"2018-11-14T14:48:29","date_gmt":"2018-11-14T14:48:29","guid":{"rendered":"https:\/\/www.cetacmtl.ca\/dr-vicky-tagalakis\/"},"modified":"2023-03-08T00:26:43","modified_gmt":"2023-03-08T05:26:43","slug":"dr-vicky-tagalakis","status":"publish","type":"page","link":"https:\/\/www.cetacmtl.ca\/fr\/dr-vicky-tagalakis\/","title":{"rendered":"Dr. Vicky Tagalakis"},"content":{"rendered":"\n\n\t\t\t\t<img loading=\"lazy\" decoding=\"async\" src=\"https:\/\/www.cetacmtl.ca\/wp-content\/uploads\/2018\/12\/Vicky-Tagalakis-1.jpg\" alt=\"Vicky Tagalakis\" itemprop=\"image\" height=\"200\" width=\"200\" title=\"Vicky Tagalakis\" onerror=\"this.style.display='none'\"  \/>\n<h1>\n\t\tDr Vicky Tagalakis MD, FRCPC, M.Sc.\n\t<\/h1>\n\t<strong>Professeure agr\u00e9g\u00e9e, Universit\u00e9 McGill<\/strong><br \/>\n<strong>Directrice, Division de m\u00e9decine interne g\u00e9n\u00e9rale, Universit\u00e9 McGill<\/strong>\n<p><strong>M\u00e9decin traitant, Division de m\u00e9decine interne, H\u00f4pital G\u00e9n\u00e9ral Juif<\/strong><\/p>\n<p><strong>Membre, Centre d&rsquo;\u00e9pid\u00e9miologie clinique, Institut Lady Davis de recherches m\u00e9dicales, H\u00f4pital G\u00e9n\u00e9ral Juif<\/strong><\/p>\n\t<p>Docteur Vicky Tagalakis est professeure agr\u00e9g\u00e9e de m\u00e9decine \u00e0 l&rsquo;Universit\u00e9 McGill et attach\u00e9e au D\u00e9partement de m\u00e9decine de l&rsquo;H\u00f4pital G\u00e9n\u00e9ral Juif. Elle est directrice de la Division de m\u00e9decine interne g\u00e9n\u00e9rale de l&rsquo;Universit\u00e9 McGill. Elle a obtenu une ma\u00eetrise en \u00e9pid\u00e9miologie et biostatistique de l&rsquo;Universit\u00e9 McGill en 2003. Chercheuse au Centre d&rsquo;\u00e9pid\u00e9miologie clinique de l&rsquo;Institut Lady Davis de recherches m\u00e9dicales \u00e0 l&rsquo;H\u00f4pital G\u00e9n\u00e9ral Juif, elle b\u00e9n\u00e9ficie de plusieurs subventions \u00e9valu\u00e9es par des pairs. Elle co-dirige la plateforme d&rsquo;am\u00e9lioration de la qualit\u00e9 de CanVECTOR, un r\u00e9seau de recherche national financ\u00e9 par les IRSC sur la thromboembolie veineuse (TEV).<\/p>\n<p>&nbsp;<\/p>\n<p>Les principaux int\u00e9r\u00eats de recherche de Docteur Tagalakis portent sur la TEV et ses cons\u00e9quences surtout chez les patients atteints de cancer. Elle est sp\u00e9cialis\u00e9e en m\u00e9thodologie de recherche, dont la pharmaco\u00e9pid\u00e9miologie, dans le domaine de l&rsquo;analyse des grandes bases de donn\u00e9es administratives li\u00e9es \u00e0 la thrombose. Elle a re\u00e7u de nombreuses subventions de recherche \u00e9valu\u00e9e par des pairs de la part d&rsquo;organismes de financement nationaux et provinciaux, et a publi\u00e9 de nombreux articles dans le domaine de la thrombose veineuse.<\/p>\n\n","protected":false},"excerpt":{"rendered":"<p>Dr Vicky Tagalakis MD, FRCPC, M.Sc. Professeure agr\u00e9g\u00e9e, Universit\u00e9 McGill Directrice, Division de m\u00e9decine interne g\u00e9n\u00e9rale, Universit\u00e9 McGill M\u00e9decin traitant, Division de m\u00e9decine interne, H\u00f4pital G\u00e9n\u00e9ral Juif Membre, Centre d&rsquo;\u00e9pid\u00e9miologie clinique, Institut Lady Davis de recherches m\u00e9dicales, H\u00f4pital G\u00e9n\u00e9ral Juif Docteur Vicky Tagalakis est professeure agr\u00e9g\u00e9e de m\u00e9decine \u00e0 l&rsquo;Universit\u00e9 McGill et attach\u00e9e au D\u00e9partement de m\u00e9decine de l&rsquo;H\u00f4pital G\u00e9n\u00e9ral Juif. Elle est directrice de la Division de m\u00e9decine interne&#8230; <a href=\"https:\/\/www.cetacmtl.ca\/fr\/dr-vicky-tagalakis\/\" class=\"more-link\" >Lire la suite &raquo;<\/a><\/p>\n","protected":false},"author":2,"featured_media":0,"parent":0,"menu_order":0,"comment_status":"closed","ping_status":"closed","template":"about.php","meta":{"_acf_changed":false,"footnotes":""},"acf":[],"_links":{"self":[{"href":"https:\/\/www.cetacmtl.ca\/fr\/wp-json\/wp\/v2\/pages\/274"}],"collection":[{"href":"https:\/\/www.cetacmtl.ca\/fr\/wp-json\/wp\/v2\/pages"}],"about":[{"href":"https:\/\/www.cetacmtl.ca\/fr\/wp-json\/wp\/v2\/types\/page"}],"author":[{"embeddable":true,"href":"https:\/\/www.cetacmtl.ca\/fr\/wp-json\/wp\/v2\/users\/2"}],"replies":[{"embeddable":true,"href":"https:\/\/www.cetacmtl.ca\/fr\/wp-json\/wp\/v2\/comments?post=274"}],"version-history":[{"count":7,"href":"https:\/\/www.cetacmtl.ca\/fr\/wp-json\/wp\/v2\/pages\/274\/revisions"}],"predecessor-version":[{"id":1251,"href":"https:\/\/www.cetacmtl.ca\/fr\/wp-json\/wp\/v2\/pages\/274\/revisions\/1251"}],"wp:attachment":[{"href":"https:\/\/www.cetacmtl.ca\/fr\/wp-json\/wp\/v2\/media?parent=274"}],"curies":[{"name":"wp","href":"https:\/\/api.w.org\/{rel}","templated":true}]}}