{"id":277,"date":"2018-11-14T14:41:03","date_gmt":"2018-11-14T14:41:03","guid":{"rendered":"https:\/\/www.cetacmtl.ca\/dr-hirsch\/"},"modified":"2021-01-08T11:24:17","modified_gmt":"2021-01-08T16:24:17","slug":"dr-hirsch","status":"publish","type":"page","link":"https:\/\/www.cetacmtl.ca\/fr\/dr-hirsch\/","title":{"rendered":"Dr. Hirsch"},"content":{"rendered":"\n\t\t\t\t<img loading=\"lazy\" decoding=\"async\" src=\"https:\/\/www.cetacmtl.ca\/wp-content\/uploads\/2018\/11\/Dr-Hirsch-1.jpg\" alt=\"Dr Hirsch\" itemprop=\"image\" height=\"200\" width=\"200\" title=\"Dr Hirsch\"  \/>\n<h1>\n\t\tDr Andrew Hirsch MD\n\t<\/h1>\n\t<p><strong>Professeur agr\u00e9g\u00e9, Universit\u00e9 McGill<\/strong><\/p>\n<strong>Chef, Division des Maladies Pulmonaires<\/strong><br \/>\n<strong>D\u00e9partement de M\u00e9decine, <\/strong><strong>H\u00f4pital G\u00e9n\u00e9ral Juif<\/strong>\n<strong>M\u00e9decin traitant, Division des Maladies Pulmonaires, D\u00e9partement de M\u00e9decine,<\/strong><br \/>\n<strong>H\u00f4pital G\u00e9n\u00e9ral Juif<\/strong>\n\t<p>Le docteur Hirsch d\u00e9tient un doctorat en m\u00e9decine de l&rsquo;universit\u00e9 McGill \u00e0 Montr\u00e9al; il a suivi une formation en m\u00e9decine interne \u00e0 l&rsquo;H\u00f4pital G\u00e9n\u00e9ral Juif. Il a poursuivi ses \u00e9tudes postdoctorales en pneumologie et soins intensifs \u00e0 l&rsquo;Universit\u00e9 de Californie \u00e0 San Diego (UCSD), o\u00f9 il s&rsquo;est int\u00e9ress\u00e9 aux maladies thrombo-emboliques veineuses et \u00e0 l&rsquo;hypertension pulmonaire. Il est revenu \u00e0 l&rsquo;H\u00f4pital G\u00e9n\u00e9ral Juif, o\u00f9 il est actuellement chef de la Division de M\u00e9decine Pulmonaire et professeur agr\u00e9g\u00e9 de m\u00e9decine \u00e0 l&rsquo;universit\u00e9 McGill. Il est membre fondateur de l&rsquo;\u00e9quipe de thrombose de l&rsquo;HGJ qui dispense des consultations internes et externes surtous les aspects de la thrombose. Dr. Hirsch s&rsquo;int\u00e9resse particuli\u00e8rement au diagnostic, au traitement et \u00e0 l&rsquo;histoire naturelle des embolies pulmonaires aigu\u00ebs et chroniques et il a \u00e9t\u00e9 un chercheur principal dans l&rsquo;\u00e9tude ELOPE sur les r\u00e9sultats \u00e0 long terme apr\u00e8s une embolie pulmonaire aigu\u00eb chez un groupe de patients canadiens. Le docteur Hirsch continue \u00e0 \u0153uvrer activement dans le domaine desmaladies vasculaires pulmonaires, il travaille au Centre d&rsquo;hypertension art\u00e9rielle pulmonaire de l\u2019H\u00f4pital G\u00e9n\u00e9ral Juif et dirige le programme d&rsquo;hypertension pulmonaire chronique thrombo-embolique (ETC-PH).<\/p>\n","protected":false},"excerpt":{"rendered":"<p>Dr Andrew Hirsch MD Professeur agr\u00e9g\u00e9, Universit\u00e9 McGill Chef, Division des Maladies Pulmonaires D\u00e9partement de M\u00e9decine, H\u00f4pital G\u00e9n\u00e9ral Juif M\u00e9decin traitant, Division des Maladies Pulmonaires, D\u00e9partement de M\u00e9decine, H\u00f4pital G\u00e9n\u00e9ral Juif Le docteur Hirsch d\u00e9tient un doctorat en m\u00e9decine de l&rsquo;universit\u00e9 McGill \u00e0 Montr\u00e9al; il a suivi une formation en m\u00e9decine interne \u00e0 l&rsquo;H\u00f4pital G\u00e9n\u00e9ral Juif. Il a poursuivi ses \u00e9tudes postdoctorales en pneumologie et soins intensifs \u00e0 l&rsquo;Universit\u00e9 de&#8230; <a href=\"https:\/\/www.cetacmtl.ca\/fr\/dr-hirsch\/\" class=\"more-link\" >Lire la suite &raquo;<\/a><\/p>\n","protected":false},"author":2,"featured_media":0,"parent":0,"menu_order":0,"comment_status":"closed","ping_status":"closed","template":"about.php","meta":{"_acf_changed":false,"footnotes":""},"acf":[],"_links":{"self":[{"href":"https:\/\/www.cetacmtl.ca\/fr\/wp-json\/wp\/v2\/pages\/277"}],"collection":[{"href":"https:\/\/www.cetacmtl.ca\/fr\/wp-json\/wp\/v2\/pages"}],"about":[{"href":"https:\/\/www.cetacmtl.ca\/fr\/wp-json\/wp\/v2\/types\/page"}],"author":[{"embeddable":true,"href":"https:\/\/www.cetacmtl.ca\/fr\/wp-json\/wp\/v2\/users\/2"}],"replies":[{"embeddable":true,"href":"https:\/\/www.cetacmtl.ca\/fr\/wp-json\/wp\/v2\/comments?post=277"}],"version-history":[{"count":10,"href":"https:\/\/www.cetacmtl.ca\/fr\/wp-json\/wp\/v2\/pages\/277\/revisions"}],"predecessor-version":[{"id":1137,"href":"https:\/\/www.cetacmtl.ca\/fr\/wp-json\/wp\/v2\/pages\/277\/revisions\/1137"}],"wp:attachment":[{"href":"https:\/\/www.cetacmtl.ca\/fr\/wp-json\/wp\/v2\/media?parent=277"}],"curies":[{"name":"wp","href":"https:\/\/api.w.org\/{rel}","templated":true}]}}