{"id":280,"date":"2018-11-14T14:50:59","date_gmt":"2018-11-14T14:50:59","guid":{"rendered":"https:\/\/www.cetacmtl.ca\/dr-susan-r-kahn\/"},"modified":"2023-03-08T00:24:29","modified_gmt":"2023-03-08T05:24:29","slug":"dr-susan-r-kahn","status":"publish","type":"page","link":"https:\/\/www.cetacmtl.ca\/fr\/dr-susan-r-kahn\/","title":{"rendered":"Dr Susan R Kahn"},"content":{"rendered":"\n\n\t\t\t\t<img loading=\"lazy\" decoding=\"async\" src=\"https:\/\/www.cetacmtl.ca\/wp-content\/uploads\/2018\/11\/Susan-R-Kahn-1-1.jpg\" alt=\"Susan R Kahn\" itemprop=\"image\" height=\"200\" width=\"200\" title=\"Susan R Kahn\" onerror=\"this.style.display='none'\"  \/>\n<h1>\n\t\tDr Susan R Kahn MD, MSc, FRCPC\n\t<\/h1>\n\t<strong>Chaire de Recherche du Canada<\/strong><br \/>\n<strong>Professeure de m\u00e9decine, Universit\u00e9 McGill<\/strong>\n<p><strong>Directrice, Centre d&rsquo;Excellence en Thrombose et Anticoagulation (CETAC), HGJ<\/strong><\/p>\n<p><strong>M\u00e9decin traitant, Division de m\u00e9decine interne et Centre d&rsquo;\u00e9pid\u00e9miologie clinique, H\u00f4pital G\u00e9n\u00e9ral Juif<\/strong><\/p>\n\t<p>Docteur Kahn est \u00e9pid\u00e9miologiste clinique et interniste attach\u00e9e \u00e0 l&rsquo;H\u00f4pital G\u00e9n\u00e9ral Juif de Montr\u00e9al, o\u00f9 elle est la fondatrice et la directrice du Centre d&rsquo;Excellence en Thrombose et Anticoagulation. Elle est professeure titulaire du D\u00e9partement de m\u00e9decine de l&rsquo;Universit\u00e9 McGill, o\u00f9 elle est directrice des \u00e9tudes sur la thrombose. Elle est codirectrice du r\u00e9seau CanVECTOR financ\u00e9 par les IRSC, un r\u00e9seau national canadien de recherche et de formation sur la thromboembolie veineuse.<\/p>\n<p>&nbsp;<\/p>\n<p>Les int\u00e9r\u00eats de recherche de Dr <sup>\u00a0<\/sup>Kahn portent principalement sur les essais cliniques d&rsquo;interventions visant \u00e0 pr\u00e9venir, diagnostiquer, traiter et am\u00e9liorer les r\u00e9sultats de la thromboembolie veineuse. Elle est titulaire d&rsquo;une chaire de recherche du Canada de niveau 1 sur la thromboembolie veineuse et a b\u00e9n\u00e9fici\u00e9 d&rsquo;une bourse de recherche clinique nationale du Fonds de recherche du Qu\u00e9bec-Sant\u00e9 (FRQ-S). Elle a re\u00e7u de nombreuses subventions de recherche \u00e9valu\u00e9e par des pairs de la part d&rsquo;organismes de financement nationaux et provinciaux, dont une subvention de sept ans de la Fondation des IRSC, en 2015, et a publi\u00e9 plus de 300 articles dans le domaine de la thromboembolie. En 2016, elle a \u00e9t\u00e9 \u00e9lue membre de l&rsquo;Acad\u00e9mie Canadienne des Sciences de la Sant\u00e9 (ACSS), l&rsquo;un des plus grands honneurs pour les membres de la communaut\u00e9 canadienne des sciences de la sant\u00e9. \u00c9galement en 2016, la Soci\u00e9t\u00e9 Canadienne de M\u00e9decine Interne (CSIM) lui a d\u00e9cern\u00e9le prix David Sackett de chercheur principal. Ce prix reconna\u00eet l&rsquo;excellence en recherche d&rsquo;un interniste g\u00e9n\u00e9ral canadien et vise \u00e0 sensibiliser davantage les internistes g\u00e9n\u00e9raux du Canada \u00e0 la recherche de qualit\u00e9 sup\u00e9rieure et \u00e0 favoriser cette recherche.<\/p>\n\n","protected":false},"excerpt":{"rendered":"<p>Dr Susan R Kahn MD, MSc, FRCPC Chaire de Recherche du Canada Professeure de m\u00e9decine, Universit\u00e9 McGill Directrice, Centre d&rsquo;Excellence en Thrombose et Anticoagulation (CETAC), HGJ M\u00e9decin traitant, Division de m\u00e9decine interne et Centre d&rsquo;\u00e9pid\u00e9miologie clinique, H\u00f4pital G\u00e9n\u00e9ral Juif Docteur Kahn est \u00e9pid\u00e9miologiste clinique et interniste attach\u00e9e \u00e0 l&rsquo;H\u00f4pital G\u00e9n\u00e9ral Juif de Montr\u00e9al, o\u00f9 elle est la fondatrice et la directrice du Centre d&rsquo;Excellence en Thrombose et Anticoagulation. Elle est&#8230; <a href=\"https:\/\/www.cetacmtl.ca\/fr\/dr-susan-r-kahn\/\" class=\"more-link\" >Lire la suite &raquo;<\/a><\/p>\n","protected":false},"author":2,"featured_media":0,"parent":0,"menu_order":0,"comment_status":"closed","ping_status":"closed","template":"about.php","meta":{"_acf_changed":false,"footnotes":""},"acf":[],"_links":{"self":[{"href":"https:\/\/www.cetacmtl.ca\/fr\/wp-json\/wp\/v2\/pages\/280"}],"collection":[{"href":"https:\/\/www.cetacmtl.ca\/fr\/wp-json\/wp\/v2\/pages"}],"about":[{"href":"https:\/\/www.cetacmtl.ca\/fr\/wp-json\/wp\/v2\/types\/page"}],"author":[{"embeddable":true,"href":"https:\/\/www.cetacmtl.ca\/fr\/wp-json\/wp\/v2\/users\/2"}],"replies":[{"embeddable":true,"href":"https:\/\/www.cetacmtl.ca\/fr\/wp-json\/wp\/v2\/comments?post=280"}],"version-history":[{"count":5,"href":"https:\/\/www.cetacmtl.ca\/fr\/wp-json\/wp\/v2\/pages\/280\/revisions"}],"predecessor-version":[{"id":1250,"href":"https:\/\/www.cetacmtl.ca\/fr\/wp-json\/wp\/v2\/pages\/280\/revisions\/1250"}],"wp:attachment":[{"href":"https:\/\/www.cetacmtl.ca\/fr\/wp-json\/wp\/v2\/media?parent=280"}],"curies":[{"name":"wp","href":"https:\/\/api.w.org\/{rel}","templated":true}]}}