{"id":592,"date":"2019-06-25T21:59:42","date_gmt":"2019-06-25T21:59:42","guid":{"rendered":"https:\/\/www.cetacmtl.ca\/ryan-kerzner\/"},"modified":"2023-03-09T00:02:16","modified_gmt":"2023-03-09T05:02:16","slug":"ryan-kerzner","status":"publish","type":"page","link":"https:\/\/www.cetacmtl.ca\/fr\/ryan-kerzner\/","title":{"rendered":"Ryan Kerzner"},"content":{"rendered":"\n\n\t\t\t\t<img loading=\"lazy\" decoding=\"async\" src=\"https:\/\/www.cetacmtl.ca\/wp-content\/uploads\/2019\/06\/ryan-kerzner-1.png\" alt=\"ryan kerzner\" itemprop=\"image\" height=\"193\" width=\"193\" title=\"ryan kerzner\" onerror=\"this.style.display='none'\"  \/>\n<h1>\n\t\tRyan Kerzner, M.Sc.\n\t<\/h1>\n\t<p><strong>Pharmacien CETAC <\/strong><\/p>\n\t<p>Monsieur Ryan Kerzner d\u00e9tient un dipl\u00f4me de B.Sc. de l&rsquo;Universit\u00e9 McGill depuis 1999. Il a ensuite obtenu un B.Pharm. en 2007 et un M.Sc. (Pharmacoth\u00e9rapie Avanc\u00e9e pour la Pratique Hospitali\u00e8re) en 2008 de l&rsquo;Universit\u00e9 de Montr\u00e9al. Il est pharmacien \u00e0 l&rsquo;H\u00f4pital G\u00e9n\u00e9ral Juif depuis 2008 et clinicien associ\u00e9 \u00e0 la Facult\u00e9 de pharmacie de l&rsquo;Universit\u00e9 de Montr\u00e9al. Depuis le d\u00e9but de sa carri\u00e8re, il travaille comme pharmacien clinicien en m\u00e9decine interne. De plus, en 2011, il a \u00e9t\u00e9 l&rsquo;un des cofondateurs de JASPRO, le programme de gestion des antimicrobiens de l&rsquo;h\u00f4pital. Ryan s&rsquo;est attel\u00e9 \u00e0 la thrombose et l&rsquo;anticoaguloth\u00e9rapie quand on l&rsquo;a charg\u00e9 de r\u00e9viser et mettre \u00e0 jour les lignes directrices de l&rsquo;h\u00f4pital en mati\u00e8re d&rsquo;anticoagulation. Il a alors d\u00e9velopp\u00e9 un grand int\u00e9r\u00eat pour ce domaine et a particip\u00e9 \u00e0 plusieurs projets connexes dans l&rsquo;h\u00f4pital. En mars 2019, il a officiellement rejoint l&rsquo;\u00e9quipe du CETAC, o\u00f9 il a cofond\u00e9 un programme de gestion de l&rsquo;anticoagulation. Il joue \u00e9galement un r\u00f4le actif dans de nombreux comit\u00e9s hospitaliers, se concentrant sur l&rsquo;am\u00e9lioration de la s\u00e9curit\u00e9 des patients.<\/p>\n\n","protected":false},"excerpt":{"rendered":"<p>Ryan Kerzner, M.Sc. Pharmacien CETAC Monsieur Ryan Kerzner d\u00e9tient un dipl\u00f4me de B.Sc. de l&rsquo;Universit\u00e9 McGill depuis 1999. Il a ensuite obtenu un B.Pharm. en 2007 et un M.Sc. (Pharmacoth\u00e9rapie Avanc\u00e9e pour la Pratique Hospitali\u00e8re) en 2008 de l&rsquo;Universit\u00e9 de Montr\u00e9al. Il est pharmacien \u00e0 l&rsquo;H\u00f4pital G\u00e9n\u00e9ral Juif depuis 2008 et clinicien associ\u00e9 \u00e0 la Facult\u00e9 de pharmacie de l&rsquo;Universit\u00e9 de Montr\u00e9al. Depuis le d\u00e9but de sa carri\u00e8re, il travaille&#8230; <a href=\"https:\/\/www.cetacmtl.ca\/fr\/ryan-kerzner\/\" class=\"more-link\" >Lire la suite &raquo;<\/a><\/p>\n","protected":false},"author":2,"featured_media":0,"parent":0,"menu_order":0,"comment_status":"closed","ping_status":"closed","template":"about.php","meta":{"_acf_changed":false,"footnotes":""},"acf":[],"_links":{"self":[{"href":"https:\/\/www.cetacmtl.ca\/fr\/wp-json\/wp\/v2\/pages\/592"}],"collection":[{"href":"https:\/\/www.cetacmtl.ca\/fr\/wp-json\/wp\/v2\/pages"}],"about":[{"href":"https:\/\/www.cetacmtl.ca\/fr\/wp-json\/wp\/v2\/types\/page"}],"author":[{"embeddable":true,"href":"https:\/\/www.cetacmtl.ca\/fr\/wp-json\/wp\/v2\/users\/2"}],"replies":[{"embeddable":true,"href":"https:\/\/www.cetacmtl.ca\/fr\/wp-json\/wp\/v2\/comments?post=592"}],"version-history":[{"count":5,"href":"https:\/\/www.cetacmtl.ca\/fr\/wp-json\/wp\/v2\/pages\/592\/revisions"}],"predecessor-version":[{"id":1255,"href":"https:\/\/www.cetacmtl.ca\/fr\/wp-json\/wp\/v2\/pages\/592\/revisions\/1255"}],"wp:attachment":[{"href":"https:\/\/www.cetacmtl.ca\/fr\/wp-json\/wp\/v2\/media?parent=592"}],"curies":[{"name":"wp","href":"https:\/\/api.w.org\/{rel}","templated":true}]}}