{"id":601,"date":"2019-06-25T22:16:38","date_gmt":"2019-06-25T22:16:38","guid":{"rendered":"https:\/\/www.cetacmtl.ca\/nikki-kampouris\/"},"modified":"2021-01-08T12:07:13","modified_gmt":"2021-01-08T17:07:13","slug":"nikki-kampouris","status":"publish","type":"page","link":"https:\/\/www.cetacmtl.ca\/fr\/nikki-kampouris\/","title":{"rendered":"Nikki Kampouris"},"content":{"rendered":"\n\t\t\t\t<img loading=\"lazy\" decoding=\"async\" src=\"https:\/\/www.cetacmtl.ca\/wp-content\/uploads\/2019\/06\/nikki-kampouris.png\" alt=\"nikki kampouris\" itemprop=\"image\" height=\"250\" width=\"250\" title=\"nikki kampouris\"  \/>\n<h1>\n\t\tNikki Kampouris, M.Sc.\n\t<\/h1>\n\t<p><strong>Pharmacienne CETAC <\/strong><\/p>\n\t<p>Madame Nikki Kampouris a obtenu son baccalaur\u00e9at en pharmacie de l&rsquo;Universit\u00e9 de Montr\u00e9al en 2009, et une ma\u00eetrise en soins pharmaceutiques avanc\u00e9s en pratique hospitali\u00e8re (M.Sc.) en 2011. Elle est pharmacienne \u00e0 l&rsquo;H\u00f4pital G\u00e9n\u00e9ral Juif depuis 2009 et \u00e9galement clinicienne associ\u00e9e \u00e0 la Facult\u00e9 de pharmacie de l&rsquo;Universit\u00e9 de Montr\u00e9al. Ayant pass\u00e9 la majeure partie de sa carri\u00e8re au service des urgences, elle est sp\u00e9cialis\u00e9e dans la gestion des m\u00e9dicaments en milieu de soins de courte dur\u00e9e. Elle participe \u00e0 plusieurs projets visant le bon usage des m\u00e9dicaments et la mise en \u0153uvre de protocoles assurant l\u2019utilisation s\u00e9curitaire des m\u00e9dicaments. Elle collabore aux activit\u00e9s d\u2019enseignement et si\u00e8ge \u00e0 de nombreux comit\u00e9s hospitaliers. Nikki poss\u00e8de une exp\u00e9rience pouss\u00e9e du traitement anticoagulant ainsi que de son inversion, car elle supervise le programme Antidote \u00e0 l&rsquo;HGJ. En mars 2019, elle a officiellement joint l&rsquo;\u00e9quipe du CETAC o\u00f9 elle se consacre \u00e0 faire respecter les normes les plus strictes en mati\u00e8re de soins des patients dans l&rsquo;optimisation de la pharmacoth\u00e9rapie antithrombotique.<\/p>\n","protected":false},"excerpt":{"rendered":"<p>Nikki Kampouris, M.Sc. Pharmacienne CETAC Madame Nikki Kampouris a obtenu son baccalaur\u00e9at en pharmacie de l&rsquo;Universit\u00e9 de Montr\u00e9al en 2009, et une ma\u00eetrise en soins pharmaceutiques avanc\u00e9s en pratique hospitali\u00e8re (M.Sc.) en 2011. Elle est pharmacienne \u00e0 l&rsquo;H\u00f4pital G\u00e9n\u00e9ral Juif depuis 2009 et \u00e9galement clinicienne associ\u00e9e \u00e0 la Facult\u00e9 de pharmacie de l&rsquo;Universit\u00e9 de Montr\u00e9al. Ayant pass\u00e9 la majeure partie de sa carri\u00e8re au service des urgences, elle est sp\u00e9cialis\u00e9e&#8230; <a href=\"https:\/\/www.cetacmtl.ca\/fr\/nikki-kampouris\/\" class=\"more-link\" >Lire la suite &raquo;<\/a><\/p>\n","protected":false},"author":2,"featured_media":0,"parent":0,"menu_order":0,"comment_status":"closed","ping_status":"closed","template":"about.php","meta":{"_acf_changed":false,"footnotes":""},"acf":[],"_links":{"self":[{"href":"https:\/\/www.cetacmtl.ca\/fr\/wp-json\/wp\/v2\/pages\/601"}],"collection":[{"href":"https:\/\/www.cetacmtl.ca\/fr\/wp-json\/wp\/v2\/pages"}],"about":[{"href":"https:\/\/www.cetacmtl.ca\/fr\/wp-json\/wp\/v2\/types\/page"}],"author":[{"embeddable":true,"href":"https:\/\/www.cetacmtl.ca\/fr\/wp-json\/wp\/v2\/users\/2"}],"replies":[{"embeddable":true,"href":"https:\/\/www.cetacmtl.ca\/fr\/wp-json\/wp\/v2\/comments?post=601"}],"version-history":[{"count":4,"href":"https:\/\/www.cetacmtl.ca\/fr\/wp-json\/wp\/v2\/pages\/601\/revisions"}],"predecessor-version":[{"id":1145,"href":"https:\/\/www.cetacmtl.ca\/fr\/wp-json\/wp\/v2\/pages\/601\/revisions\/1145"}],"wp:attachment":[{"href":"https:\/\/www.cetacmtl.ca\/fr\/wp-json\/wp\/v2\/media?parent=601"}],"curies":[{"name":"wp","href":"https:\/\/api.w.org\/{rel}","templated":true}]}}