{"id":612,"date":"2019-06-25T22:38:57","date_gmt":"2019-06-25T22:38:57","guid":{"rendered":"https:\/\/www.cetacmtl.ca\/helen-mantzanis\/"},"modified":"2021-01-08T12:11:28","modified_gmt":"2021-01-08T17:11:28","slug":"helen-mantzanis","status":"publish","type":"page","link":"https:\/\/www.cetacmtl.ca\/fr\/helen-mantzanis\/","title":{"rendered":"Helen Mantzanis"},"content":{"rendered":"\n\t\t\t\t<img loading=\"lazy\" decoding=\"async\" src=\"https:\/\/www.cetacmtl.ca\/wp-content\/uploads\/2019\/06\/helena-mantzanis.png\" alt=\"helena mantzanis\" itemprop=\"image\" height=\"288\" width=\"288\" title=\"helena mantzanis\"  \/>\n<h1>\n\t\tHelen Mantzanis, M.Sc.\n\t<\/h1>\n\t<p><strong>Pharmacienne CETAC <\/strong><\/p>\n\t<p>Madame Helen Mantzanis a obtenu son baccalaur\u00e9at en pharmacie (B.Pharm) en 2009, et une ma\u00eetrise en soins pharmaceutiques avanc\u00e9s en pratique hospitali\u00e8re (M.Sc.) en 2010 de l\u2019Universit\u00e9 de Montr\u00e9al. Elle est pharmacienne clinicienne \u00e0 l&rsquo;H\u00f4pital G\u00e9n\u00e9ral Juif depuis 2010 et \u00e9galement clinicienne associ\u00e9e \u00e0 la Facult\u00e9 de pharmacie de l&rsquo;Universit\u00e9 de Montr\u00e9al. Helen Mantzanis est pharmacienne en cardiologie (unit\u00e9s de soins intensifs cardiovasculaires et soins cardiovasculaires) depuis ses d\u00e9buts \u00e0 l&rsquo;H\u00f4pital G\u00e9n\u00e9ral Juif, o\u00f9 elle a \u00e9galement travaill\u00e9 dans l&rsquo;unit\u00e9 de chirurgie et celle de soins de courte dur\u00e9e.<\/p>\n<p>&nbsp;<\/p>\n<p>En plus de son r\u00f4le actif au sein de l&rsquo;\u00e9quipe multidisciplinaire de l&rsquo;hypertension art\u00e9rielle pulmonaire, elle assure une pr\u00e9sence marqu\u00e9e dans l&rsquo;\u00e9quipe de cardiologie dans le cadre de divers projets et initiatives de qualit\u00e9 visant \u00e0 optimiser la pharmacoth\u00e9rapie des patients avec des maladies cardiovasculaires. Elle se consacre \u00e0 faire valoir l\u2019incidence du pharmacien clinicien sur les soins aux patients.<\/p>\n<p>&nbsp;<\/p>\n<p>Du fait de son travail en cardiologie, elle s\u2019est toujours int\u00e9ress\u00e9e particuli\u00e8rement \u00e0 l&rsquo;utilisation optimale de l\u2019anticoagulation. Elle a particip\u00e9 \u00e0 divers projets li\u00e9s \u00e0 l&rsquo;anticoaguloth\u00e9rapie, dont l\u2019analyse du bien-fond\u00e9 de prescrire des anticoagulants chez les patients atteints de fibrillation auriculaire. Elle a aussi collabor\u00e9 \u00e0 la mise \u00e0 jour de lignes directrices en mati\u00e8re d\u2019anticoaguloth\u00e9rapie de l\u2019h\u00f4pital en 2017. En mars 2019, elle a officiellement rejoint l\u2019\u00e9quipe du CETAC. Elle si\u00e8ge \u00e0 de nombreux comit\u00e9s \u00e0 l\u2019h\u00f4pital, visant surtout, l&rsquo;am\u00e9lioration de la qualit\u00e9 des soins et la promotion du r\u00f4le du pharmacien dans la prestation des soins aux patients.<\/p>\n","protected":false},"excerpt":{"rendered":"<p>Helen Mantzanis, M.Sc. Pharmacienne CETAC Madame Helen Mantzanis a obtenu son baccalaur\u00e9at en pharmacie (B.Pharm) en 2009, et une ma\u00eetrise en soins pharmaceutiques avanc\u00e9s en pratique hospitali\u00e8re (M.Sc.) en 2010 de l\u2019Universit\u00e9 de Montr\u00e9al. Elle est pharmacienne clinicienne \u00e0 l&rsquo;H\u00f4pital G\u00e9n\u00e9ral Juif depuis 2010 et \u00e9galement clinicienne associ\u00e9e \u00e0 la Facult\u00e9 de pharmacie de l&rsquo;Universit\u00e9 de Montr\u00e9al. Helen Mantzanis est pharmacienne en cardiologie (unit\u00e9s de soins intensifs cardiovasculaires et soins&#8230; <a href=\"https:\/\/www.cetacmtl.ca\/fr\/helen-mantzanis\/\" class=\"more-link\" >Lire la suite &raquo;<\/a><\/p>\n","protected":false},"author":2,"featured_media":0,"parent":0,"menu_order":0,"comment_status":"closed","ping_status":"closed","template":"about.php","meta":{"_acf_changed":false,"footnotes":""},"acf":[],"_links":{"self":[{"href":"https:\/\/www.cetacmtl.ca\/fr\/wp-json\/wp\/v2\/pages\/612"}],"collection":[{"href":"https:\/\/www.cetacmtl.ca\/fr\/wp-json\/wp\/v2\/pages"}],"about":[{"href":"https:\/\/www.cetacmtl.ca\/fr\/wp-json\/wp\/v2\/types\/page"}],"author":[{"embeddable":true,"href":"https:\/\/www.cetacmtl.ca\/fr\/wp-json\/wp\/v2\/users\/2"}],"replies":[{"embeddable":true,"href":"https:\/\/www.cetacmtl.ca\/fr\/wp-json\/wp\/v2\/comments?post=612"}],"version-history":[{"count":4,"href":"https:\/\/www.cetacmtl.ca\/fr\/wp-json\/wp\/v2\/pages\/612\/revisions"}],"predecessor-version":[{"id":1147,"href":"https:\/\/www.cetacmtl.ca\/fr\/wp-json\/wp\/v2\/pages\/612\/revisions\/1147"}],"wp:attachment":[{"href":"https:\/\/www.cetacmtl.ca\/fr\/wp-json\/wp\/v2\/media?parent=612"}],"curies":[{"name":"wp","href":"https:\/\/api.w.org\/{rel}","templated":true}]}}