{"id":897,"date":"2018-05-10T08:16:24","date_gmt":"2018-05-10T08:16:24","guid":{"rendered":"https:\/\/www.cetacmtl.ca\/home\/"},"modified":"2021-01-08T13:52:42","modified_gmt":"2021-01-08T18:52:42","slug":"home","status":"publish","type":"page","link":"https:\/\/www.cetacmtl.ca\/fr\/","title":{"rendered":"Accueil"},"content":{"rendered":"<h3>\n\t\tDERNI\u00c8RES NOUVELLES\n\t<\/h3>\n\t\t\t\t<img loading=\"lazy\" decoding=\"async\" src=\"https:\/\/www.cetacmtl.ca\/wp-content\/uploads\/2018\/05\/H1-Icon.png\" alt=\"H1 Icon\" itemprop=\"image\" height=\"29\" width=\"109\" title=\"H1 Icon\"  \/>\n\t\t\t\t<div class=\"clearfix\">\n\t\t<div class=\"new-page\">\n\t\t\t\t\t\t\t\t\t\t\t\t<div class=\"col-xs-12 col-sm-12 col-md-4 col-lg-4\">\n\t\t\t\t\t\t<a href=\"https:\/\/www.cetacmtl.ca\/fr\/news\/le-nouveau-centre-dexcellence-en-thrombose-et-anticoagulation-cetac-voit-le-jour\/\"><img loading=\"lazy\" decoding=\"async\" width=\"626\" height=\"432\" src=\"https:\/\/www.cetacmtl.ca\/wp-content\/uploads\/2020\/08\/article1.png\" class=\"attachment-post-thumbnail size-post-thumbnail wp-post-image\" alt=\"\" srcset=\"https:\/\/www.cetacmtl.ca\/wp-content\/uploads\/2020\/08\/article1.png 626w, https:\/\/www.cetacmtl.ca\/wp-content\/uploads\/2020\/08\/article1-300x207.png 300w\" sizes=\"(max-width: 626px) 100vw, 626px\" \/><\/a>\n\t\t\t\t\t\t<div class=\"post-date\">Ao\u00fbt 07, 2020<\/div>\n\t\t\t\t\t\t<h3>Le nouveau Centre d\u2019excellence en thrombose et anticoagulation (CETAC) voit le jour<\/h3>\n\t\t\t\t\t\t<p>\u00c0 l\u2019avant-garde de la prestation de soins, de la recherche et de la formation<br \/>\nen mati\u00e8re de caillots de sang et de s\u00e9curit\u00e9 de l\u2019anticoagulation<\/p>\n\t\n\t\t\t\t\t\t<a class=\"r-more\"href=\"https:\/\/www.cetacmtl.ca\/fr\/news\/le-nouveau-centre-dexcellence-en-thrombose-et-anticoagulation-cetac-voit-le-jour\/\">Lire la suite<\/a>\n\t\t\t\t\t<\/div>\n\t\t\t\t\t\t\t\t<div class=\"col-xs-12 col-sm-12 col-md-4 col-lg-4\">\n\t\t\t\t\t\t<a href=\"https:\/\/www.cetacmtl.ca\/fr\/news\/feb-11-international-day-of-women-and-girls-in-science\/\"><img loading=\"lazy\" decoding=\"async\" width=\"1277\" height=\"679\" src=\"https:\/\/www.cetacmtl.ca\/wp-content\/uploads\/2019\/02\/women-in-science.png\" class=\"attachment-post-thumbnail size-post-thumbnail wp-post-image\" alt=\"\" srcset=\"https:\/\/www.cetacmtl.ca\/wp-content\/uploads\/2019\/02\/women-in-science.png 1277w, https:\/\/www.cetacmtl.ca\/wp-content\/uploads\/2019\/02\/women-in-science-300x160.png 300w, https:\/\/www.cetacmtl.ca\/wp-content\/uploads\/2019\/02\/women-in-science-768x408.png 768w, https:\/\/www.cetacmtl.ca\/wp-content\/uploads\/2019\/02\/women-in-science-1024x544.png 1024w\" sizes=\"(max-width: 1277px) 100vw, 1277px\" \/><\/a>\n\t\t\t\t\t\t<div class=\"post-date\">F\u00e9v 11, 2019<\/div>\n\t\t\t\t\t\t<h3>Dr. Susan Kahn (CETAC Director) interviewed on advice to young women interested in a medical research career<\/h3>\n\t\t\t\t\t\t\t\n\t\t\t\t\t\t<a class=\"r-more\"href=\"https:\/\/www.cetacmtl.ca\/fr\/news\/feb-11-international-day-of-women-and-girls-in-science\/\">Lire la suite<\/a>\n\t\t\t\t\t<\/div>\n\t\t\t\t\t\t\t\t<div class=\"col-xs-12 col-sm-12 col-md-4 col-lg-4\">\n\t\t\t\t\t\t<a href=\"https:\/\/www.cetacmtl.ca\/fr\/news\/global-news-interview-why-canadians-need-to-knowthrombosis\/\"><img loading=\"lazy\" decoding=\"async\" width=\"1480\" height=\"823\" src=\"https:\/\/www.cetacmtl.ca\/wp-content\/uploads\/2018\/11\/Global.png\" class=\"attachment-post-thumbnail size-post-thumbnail wp-post-image\" alt=\"\" srcset=\"https:\/\/www.cetacmtl.ca\/wp-content\/uploads\/2018\/11\/Global.png 1480w, https:\/\/www.cetacmtl.ca\/wp-content\/uploads\/2018\/11\/Global-300x167.png 300w, https:\/\/www.cetacmtl.ca\/wp-content\/uploads\/2018\/11\/Global-768x427.png 768w, https:\/\/www.cetacmtl.ca\/wp-content\/uploads\/2018\/11\/Global-1024x569.png 1024w\" sizes=\"(max-width: 1480px) 100vw, 1480px\" \/><\/a>\n\t\t\t\t\t\t<div class=\"post-date\">Nov 22, 2018<\/div>\n\t\t\t\t\t\t<h3>Global news interview with Dr. Vicky Tagalakis on the topic of Deep Vein Thrombosis (DVT) and Pulmonary Embolism (PE)<\/h3>\n\t\t\t\t\t\t\t\n\t\t\t\t\t\t<a class=\"r-more\"href=\"https:\/\/www.cetacmtl.ca\/fr\/news\/global-news-interview-why-canadians-need-to-knowthrombosis\/\">Lire la suite<\/a>\n\t\t\t\t\t<\/div>\n\t\t\t\t\t<\/div>\n\t<\/div>\n\t\n<h3>\n\t\tSaviez-vous?\n\t<\/h3>\n\t\t\t\t<img loading=\"lazy\" decoding=\"async\" src=\"https:\/\/www.cetacmtl.ca\/wp-content\/uploads\/2018\/05\/H1-Icon.png\" alt=\"H1 Icon\" itemprop=\"image\" height=\"29\" width=\"109\" title=\"H1 Icon\"  \/>\n\t\t\t<h3><\/h3>\n\t\t\t<p>Saviez-vous qu\u2019il existe des anticoagulants oraux (fluidifiants sanguins) pouvant \u00eatre administr\u00e9sau lieu de warfarine (Coumadin), sans analyses sanguines r\u00e9guli\u00e8res, aux patients qui pr\u00e9sentent :- une thrombose veineuse profonde ou une embolie pulmonaire- une fibrillation auriculaire chez les patients n&#39;ayant jamais subi de remplacement de valves cardiaques<\/p>\t\t\n\t\t\t<p>Saviez-vous que vous pouvez visionner sur ce site une vid\u00e9o d\u2019information du CETAC sur la warfarine (Coumadin)?<\/p>\t\t\n\t\t\t<p>Saviez-vous que notre clinique d&#39;anticoagulation et de thrombose s&#39;appelle maintenant CETAC, c\u2019est-\u00e0-dire Centre d&#39;excellence en thrombose et anticoagulation.<\/p>\t\t\n\t\t\t<p>Saviez-vous que le CETAC s\u2019investit fortement dans la recherche afin d\u2019optimiser les soins \u00e0 nos patients et rehausser leur mode de vie?Vous pouvez consulter ce site Web pour voir quelles \u00e9tudes nous menons et dans quelle mesure vous pourriez \u00eatre un participant \u00e9ventuel.<\/p>\t\t\n","protected":false},"excerpt":{"rendered":"<p>DERNI\u00c8RES NOUVELLES Saviez-vous? Saviez-vous qu\u2019il existe des anticoagulants oraux (fluidifiants sanguins) pouvant \u00eatre administr\u00e9sau lieu de warfarine (Coumadin), sans analyses sanguines r\u00e9guli\u00e8res, aux patients qui pr\u00e9sentent :- une thrombose veineuse profonde ou une embolie pulmonaire- une fibrillation auriculaire chez les patients n&#39;ayant jamais subi de remplacement de valves cardiaques Saviez-vous que vous pouvez visionner sur ce site une vid\u00e9o d\u2019information du CETAC sur la warfarine (Coumadin)? Saviez-vous que notre clinique&#8230; <a href=\"https:\/\/www.cetacmtl.ca\/fr\/news\/global-news-interview-why-canadians-need-to-knowthrombosis\/\" class=\"more-link\" >Lire la suite &raquo;<\/a><\/p>\n","protected":false},"author":2,"featured_media":0,"parent":0,"menu_order":0,"comment_status":"closed","ping_status":"closed","template":"home.php","meta":{"_acf_changed":false,"footnotes":""},"acf":[],"_links":{"self":[{"href":"https:\/\/www.cetacmtl.ca\/fr\/wp-json\/wp\/v2\/pages\/897"}],"collection":[{"href":"https:\/\/www.cetacmtl.ca\/fr\/wp-json\/wp\/v2\/pages"}],"about":[{"href":"https:\/\/www.cetacmtl.ca\/fr\/wp-json\/wp\/v2\/types\/page"}],"author":[{"embeddable":true,"href":"https:\/\/www.cetacmtl.ca\/fr\/wp-json\/wp\/v2\/users\/2"}],"replies":[{"embeddable":true,"href":"https:\/\/www.cetacmtl.ca\/fr\/wp-json\/wp\/v2\/comments?post=897"}],"version-history":[{"count":4,"href":"https:\/\/www.cetacmtl.ca\/fr\/wp-json\/wp\/v2\/pages\/897\/revisions"}],"predecessor-version":[{"id":941,"href":"https:\/\/www.cetacmtl.ca\/fr\/wp-json\/wp\/v2\/pages\/897\/revisions\/941"}],"wp:attachment":[{"href":"https:\/\/www.cetacmtl.ca\/fr\/wp-json\/wp\/v2\/media?parent=897"}],"curies":[{"name":"wp","href":"https:\/\/api.w.org\/{rel}","templated":true}]}}