{"id":929,"date":"2020-03-05T21:58:42","date_gmt":"2020-03-05T21:58:42","guid":{"rendered":"https:\/\/www.cetacmtl.ca\/mission-statement\/"},"modified":"2023-03-07T23:24:09","modified_gmt":"2023-03-08T04:24:09","slug":"enonce-de-mission","status":"publish","type":"page","link":"https:\/\/www.cetacmtl.ca\/fr\/enonce-de-mission\/","title":{"rendered":"\u00c9nonc\u00e9 de mission"},"content":{"rendered":"\n\n\t\t\t\t<img loading=\"lazy\" decoding=\"async\" src=\"https:\/\/www.cetacmtl.ca\/wp-content\/uploads\/2023\/03\/CETAC-2022_LR.jpg\" alt=\"CETAC-2022_LR\" itemprop=\"image\" height=\"918\" width=\"2000\" title=\"CETAC-2022_LR\" onerror=\"this.style.display='none'\"  \/>\n<h1>\n\t\t\u00c9nonc\u00e9 de mission\n\t<\/h1>\n\t\t\t\t<img loading=\"lazy\" decoding=\"async\" src=\"https:\/\/www.cetacmtl.ca\/wp-content\/uploads\/2018\/05\/H1-Icon.png\" alt=\"H1 Icon\" itemprop=\"image\" height=\"29\" width=\"109\" title=\"H1 Icon\" onerror=\"this.style.display='none'\"  \/>\n\t<p>Nous travaillons ensemble au sein d&rsquo;une \u00e9quipe interdisciplinaire form\u00e9e de professionnels de la sant\u00e9 hautement qualifi\u00e9s, visant l&rsquo;excellence en traitement des thromboses et de l&rsquo;anticoagulation.<\/p>\n\n","protected":false},"excerpt":{"rendered":"<p>\u00c9nonc\u00e9 de mission Nous travaillons ensemble au sein d&rsquo;une \u00e9quipe interdisciplinaire form\u00e9e de professionnels de la sant\u00e9 hautement qualifi\u00e9s, visant l&rsquo;excellence en traitement des thromboses et de l&rsquo;anticoagulation.<\/p>\n","protected":false},"author":2,"featured_media":0,"parent":0,"menu_order":0,"comment_status":"closed","ping_status":"closed","template":"about.php","meta":{"_acf_changed":false,"footnotes":""},"acf":[],"_links":{"self":[{"href":"https:\/\/www.cetacmtl.ca\/fr\/wp-json\/wp\/v2\/pages\/929"}],"collection":[{"href":"https:\/\/www.cetacmtl.ca\/fr\/wp-json\/wp\/v2\/pages"}],"about":[{"href":"https:\/\/www.cetacmtl.ca\/fr\/wp-json\/wp\/v2\/types\/page"}],"author":[{"embeddable":true,"href":"https:\/\/www.cetacmtl.ca\/fr\/wp-json\/wp\/v2\/users\/2"}],"replies":[{"embeddable":true,"href":"https:\/\/www.cetacmtl.ca\/fr\/wp-json\/wp\/v2\/comments?post=929"}],"version-history":[{"count":3,"href":"https:\/\/www.cetacmtl.ca\/fr\/wp-json\/wp\/v2\/pages\/929\/revisions"}],"predecessor-version":[{"id":1233,"href":"https:\/\/www.cetacmtl.ca\/fr\/wp-json\/wp\/v2\/pages\/929\/revisions\/1233"}],"wp:attachment":[{"href":"https:\/\/www.cetacmtl.ca\/fr\/wp-json\/wp\/v2\/media?parent=929"}],"curies":[{"name":"wp","href":"https:\/\/api.w.org\/{rel}","templated":true}]}}