{"id":974,"date":"2019-05-13T15:23:59","date_gmt":"2019-05-13T15:23:59","guid":{"rendered":"https:\/\/www.cetacmtl.ca\/mds-and-allied-health-professionals\/"},"modified":"2023-03-08T00:31:34","modified_gmt":"2023-03-08T05:31:34","slug":"medecins-et-professionnels-allies-de-la-sante","status":"publish","type":"page","link":"https:\/\/www.cetacmtl.ca\/fr\/medecins-et-professionnels-allies-de-la-sante\/","title":{"rendered":"M\u00e9decins et professionnels alli\u00e9s de la sant\u00e9"},"content":{"rendered":"\n<h1>\n\t\tM\u00e9decins\n\t<\/h1>\n\t\t\t\t<img loading=\"lazy\" decoding=\"async\" src=\"https:\/\/www.cetacmtl.ca\/wp-content\/uploads\/2018\/05\/H1-Icon.png\" alt=\"H1 Icon\" itemprop=\"image\" height=\"29\" width=\"109\" title=\"H1 Icon\" onerror=\"this.style.display='none'\"  \/>\n\t\t\t\t<img loading=\"lazy\" decoding=\"async\" src=\"https:\/\/www.cetacmtl.ca\/wp-content\/uploads\/2018\/11\/Dr.-Mark-Blostein.jpg\" alt=\"Dr. Mark Blostein\" itemprop=\"image\" height=\"200\" width=\"200\" title=\"Dr. Mark Blostein\" onerror=\"this.style.display='none'\"  \/>\n<h4>\n\t\tDr. Mark Blostein\n\t<\/h4>\n\t<p><strong><a href=\"https:\/\/www.cetacmtl.ca\/fr\/dr-mark-blostein\/\">Consulter la biographie<\/a><\/strong><\/p>\n<p>&nbsp;<\/p>\n\t\t\t\t<img loading=\"lazy\" decoding=\"async\" src=\"https:\/\/www.cetacmtl.ca\/wp-content\/uploads\/2018\/11\/Dr-Hirsch-1.jpg\" alt=\"Dr Hirsch\" itemprop=\"image\" height=\"200\" width=\"200\" title=\"Dr Hirsch\" onerror=\"this.style.display='none'\"  \/>\n<h4>\n\t\tDr. Andrew Hirsch\n\t<\/h4>\n\t<p><strong><a href=\"https:\/\/www.cetacmtl.ca\/fr\/dr-hirsch\/\">Consulter la biographie<\/a><\/strong><\/p>\n<p>&nbsp;<\/p>\n\t\t\t\t<img loading=\"lazy\" decoding=\"async\" src=\"https:\/\/www.cetacmtl.ca\/wp-content\/uploads\/2018\/11\/Susan-R-Kahn-1-1.jpg\" alt=\"Susan R Kahn\" itemprop=\"image\" height=\"200\" width=\"200\" title=\"Susan R Kahn\" onerror=\"this.style.display='none'\"  \/>\n<h4>\n\t\tDr. Susan R Kahn\n\t<\/h4>\n\t<p>Directrice de CETAC\u00a0<\/p>\n\t<p><strong><a href=\"https:\/\/www.cetacmtl.ca\/fr\/dr-susan-r-kahn\/\">Consulter la biographie<\/a><\/strong><\/p>\n<p>&nbsp;<\/p>\n\t\t\t\t<img decoding=\"async\" src=\"https:\/\/www.cetacmtl.ca\/wp-content\/plugins\/bb-plugin\/img\/pixel.png\" alt=\"\" itemprop=\"image\" onerror=\"this.style.display='none'\"  \/>\n\t\t\t\t<img loading=\"lazy\" decoding=\"async\" src=\"https:\/\/www.cetacmtl.ca\/wp-content\/uploads\/2018\/11\/Maral-Koolian.jpg\" alt=\"Maral-Koolian\" itemprop=\"image\" height=\"200\" width=\"200\" title=\"Maral-Koolian\" onerror=\"this.style.display='none'\"  \/>\n<h4>\n\t\tDr. Maral Koolian\n\t<\/h4>\n\t<p><strong><a href=\"https:\/\/www.cetacmtl.ca\/fr\/maral-koolian\/\">Consulter la biographie<\/a><\/strong><\/p>\n<p>&nbsp;<\/p>\n\t\t\t\t<img loading=\"lazy\" decoding=\"async\" src=\"https:\/\/www.cetacmtl.ca\/wp-content\/uploads\/2022\/12\/marcrodger.png\" alt=\"Marc Rodger\" itemprop=\"image\" height=\"200\" width=\"200\" title=\"marcrodger\" onerror=\"this.style.display='none'\"  \/>\n<h4>\n\t\tDr. Marc Rodger\n\t<\/h4>\n\t<p><strong><a href=\"https:\/\/www.cetacmtl.ca\/fr\/dr-marc-rodger\/\">Consulter la biographie<\/a><\/strong><\/p>\n<p>&nbsp;<\/p>\n\t\t\t\t<img loading=\"lazy\" decoding=\"async\" src=\"https:\/\/www.cetacmtl.ca\/wp-content\/uploads\/2022\/12\/vickytagalakis.png\" alt=\"Vicky Tagalakis\" itemprop=\"image\" height=\"200\" width=\"200\" title=\"vickytagalakis\" onerror=\"this.style.display='none'\"  \/>\n<h4>\n\t\tDr. Vicky Tagalakis\n\t<\/h4>\n\t<p><strong><a href=\"https:\/\/www.cetacmtl.ca\/fr\/dr-vicky-tagalakis\/\">Consulter la biographie<\/a><\/strong><\/p>\n<p>&nbsp;<\/p>\n<h1>\n\t\tProfessionnels alli\u00e9s de la sant\u00e9  \n\t<\/h1>\n\t\t\t\t<img loading=\"lazy\" decoding=\"async\" src=\"https:\/\/www.cetacmtl.ca\/wp-content\/uploads\/2018\/05\/H1-Icon.png\" alt=\"H1 Icon\" itemprop=\"image\" height=\"29\" width=\"109\" title=\"H1 Icon\" onerror=\"this.style.display='none'\"  \/>\n\t\t\t\t<img loading=\"lazy\" decoding=\"async\" src=\"https:\/\/www.cetacmtl.ca\/wp-content\/uploads\/2019\/07\/nikki-kampouris-circle.png\" alt=\"nikki-kampouris-circle\" itemprop=\"image\" height=\"193\" width=\"193\" title=\"nikki-kampouris-circle\" onerror=\"this.style.display='none'\"  \/>\n<h4>\n\t\tNikki Kampouris\n\t<\/h4>\n\t<p>Pharmacienne CETAC<\/p>\n<p>&nbsp;<\/p>\n\t<p><strong><a href=\"https:\/\/www.cetacmtl.ca\/fr\/nikki-kampouris\/\">Consulter la biographie<\/a><\/strong><\/p>\n<p>&nbsp;<\/p>\n\t\t\t\t<img loading=\"lazy\" decoding=\"async\" src=\"https:\/\/www.cetacmtl.ca\/wp-content\/uploads\/2019\/06\/ryan-kerzner-1.png\" alt=\"ryan kerzner\" itemprop=\"image\" height=\"193\" width=\"193\" title=\"ryan kerzner\" onerror=\"this.style.display='none'\"  \/>\n<h4>\n\t\tRyan Kerzner\n\t<\/h4>\n\t<p>Pharmacien CETAC<\/p>\n<p>&nbsp;<\/p>\n\t<p><strong><a href=\"https:\/\/www.cetacmtl.ca\/fr\/ryan-kerzner\/\">Consulter la biographie<\/a><\/strong><\/p>\n<p>&nbsp;<\/p>\n\t\t\t\t<img loading=\"lazy\" decoding=\"async\" src=\"https:\/\/www.cetacmtl.ca\/wp-content\/uploads\/2019\/07\/helena-mantzanis-circle.png\" alt=\"helena-mantzanis-circle\" itemprop=\"image\" height=\"193\" width=\"193\" title=\"helena-mantzanis-circle\" onerror=\"this.style.display='none'\"  \/>\n<h4>\n\t\tHelen Mantzanis\n\t<\/h4>\n\t<p>Pharmacienne CETAC<\/p>\n<p>&nbsp;<\/p>\n\t<p><strong><a href=\"https:\/\/www.cetacmtl.ca\/fr\/helen-mantzanis\/\">Consulter la biographie<\/a><\/strong><\/p>\n<p>&nbsp;<\/p>\n\n","protected":false},"excerpt":{"rendered":"<p>M\u00e9decins Dr. Mark Blostein Consulter la biographie &nbsp; Dr. Andrew Hirsch Consulter la biographie &nbsp; Dr. Susan R Kahn Directrice de CETAC\u00a0 Consulter la biographie &nbsp; Dr. Maral Koolian Consulter la biographie &nbsp; Dr. Marc Rodger Consulter la biographie &nbsp; Dr. Vicky Tagalakis Consulter la biographie &nbsp; Professionnels alli\u00e9s de la sant\u00e9 Nikki Kampouris Pharmacienne CETAC &nbsp; Consulter la biographie &nbsp; Ryan Kerzner Pharmacien CETAC &nbsp; Consulter la biographie &nbsp;&#8230; <a href=\"https:\/\/www.cetacmtl.ca\/fr\/medecins-et-professionnels-allies-de-la-sante\/\" class=\"more-link\" >Lire la suite &raquo;<\/a><\/p>\n","protected":false},"author":2,"featured_media":0,"parent":0,"menu_order":0,"comment_status":"closed","ping_status":"closed","template":"about.php","meta":{"_acf_changed":false,"footnotes":""},"acf":[],"_links":{"self":[{"href":"https:\/\/www.cetacmtl.ca\/fr\/wp-json\/wp\/v2\/pages\/974"}],"collection":[{"href":"https:\/\/www.cetacmtl.ca\/fr\/wp-json\/wp\/v2\/pages"}],"about":[{"href":"https:\/\/www.cetacmtl.ca\/fr\/wp-json\/wp\/v2\/types\/page"}],"author":[{"embeddable":true,"href":"https:\/\/www.cetacmtl.ca\/fr\/wp-json\/wp\/v2\/users\/2"}],"replies":[{"embeddable":true,"href":"https:\/\/www.cetacmtl.ca\/fr\/wp-json\/wp\/v2\/comments?post=974"}],"version-history":[{"count":15,"href":"https:\/\/www.cetacmtl.ca\/fr\/wp-json\/wp\/v2\/pages\/974\/revisions"}],"predecessor-version":[{"id":1252,"href":"https:\/\/www.cetacmtl.ca\/fr\/wp-json\/wp\/v2\/pages\/974\/revisions\/1252"}],"wp:attachment":[{"href":"https:\/\/www.cetacmtl.ca\/fr\/wp-json\/wp\/v2\/media?parent=974"}],"curies":[{"name":"wp","href":"https:\/\/api.w.org\/{rel}","templated":true}]}}